{"id":153,"date":"2020-11-19T07:36:53","date_gmt":"2020-11-19T06:36:53","guid":{"rendered":"http:\/\/www.theatermoment.at\/wordpress\/?page_id=153"},"modified":"2021-01-18T18:44:47","modified_gmt":"2021-01-18T17:44:47","slug":"josefine","status":"publish","type":"page","link":"https:\/\/www.theatermoment.at\/wordpress\/josefine\/","title":{"rendered":"Josefine"},"content":{"rendered":"\n<figure class=\"wp-block-image alignwide size-large\"><img loading=\"lazy\" decoding=\"async\" width=\"1024\" height=\"555\" src=\"http:\/\/www.theatermoment.at\/wordpress\/wp-content\/uploads\/2020\/11\/bilder_2400x1300_3-1024x555.jpg\" alt=\"\" class=\"wp-image-168\" srcset=\"https:\/\/www.theatermoment.at\/wordpress\/wp-content\/uploads\/2020\/11\/bilder_2400x1300_3-1024x555.jpg 1024w, https:\/\/www.theatermoment.at\/wordpress\/wp-content\/uploads\/2020\/11\/bilder_2400x1300_3-300x163.jpg 300w, https:\/\/www.theatermoment.at\/wordpress\/wp-content\/uploads\/2020\/11\/bilder_2400x1300_3-768x416.jpg 768w, https:\/\/www.theatermoment.at\/wordpress\/wp-content\/uploads\/2020\/11\/bilder_2400x1300_3-1536x832.jpg 1536w, https:\/\/www.theatermoment.at\/wordpress\/wp-content\/uploads\/2020\/11\/bilder_2400x1300_3-2048x1109.jpg 2048w\" sizes=\"auto, (max-width: 1024px) 100vw, 1024px\" \/><\/figure>\n\n\n\n<div class=\"wp-block-columns is-layout-flex wp-container-core-columns-is-layout-9d6595d7 wp-block-columns-is-layout-flex\">\n<div class=\"wp-block-column is-layout-flow wp-block-column-is-layout-flow\" style=\"flex-basis:66.66%\">\n<h2 class=\"wp-block-heading\">Inhalt<\/h2>\n\n\n\n<p>Josefine macht was ihr gef\u00e4llt.<br>Sie ist gro\u00df, stark, mutig, und pflegt Elefanten.<br>Sie wei\u00df immer was ihre Riesen brauchen und tut was zu tun ist.<\/p>\n\n\n\n<p>Doch als sie sich eines Tages in den s\u00fc\u00dfen Emil verliebt \u00e4ndert sich einiges.<\/p>\n\n\n\n<p>Josefine macht nun was Emil gef\u00e4llt. Sie wird klein, schwach, \u00e4ngstlich und vernachl\u00e4ssigt ihre Elefanten. \u201eHilfe, ich schrumpfe!\u201c stellt Josefine nach einiger Zeit fest und bald ist sie schon kaum mehr zu entdecken. Was tun? Da ist guter Rat teuer.<\/p>\n\n\n\n<p>Eine z\u00e4rtliche Geschichte \u00fcber ein \u201esich klein machen\u201c das nicht wirklich mit Zentimetern zu tun hat.<\/p>\n\n\n\n<hr class=\"wp-block-separator is-style-wide\"\/>\n\n\n\n<div class=\"wp-block-buttons is-layout-flex wp-block-buttons-is-layout-flex\">\n<div class=\"wp-block-button\"><a class=\"wp-block-button__link\" href=\"http:\/\/www.theatermoment.at\/wordpress\/spielplan\/\">Spielplan<\/a><\/div>\n\n\n\n<div class=\"wp-block-button is-style-secondary\"><a class=\"wp-block-button__link\" href=\"http:\/\/www.theatermoment.at\/wordpress\/stuecke\/\">Alle St\u00fccke<\/a><\/div>\n<\/div>\n\n\n\n<hr class=\"wp-block-separator is-style-wide\"\/>\n\n\n\n<p><\/p>\n<\/div>\n\n\n\n<div class=\"wp-block-column is-layout-flow wp-block-column-is-layout-flow\" style=\"flex-basis:33.33%\">\n<h2 class=\"wp-block-heading\">Info\u00a0<\/h2>\n\n\n\n<p><strong>Alter:<\/strong> ab 3 Jahren<br><strong>Buch:<\/strong> nach einem Buch von Silvia Baumann<\/p>\n\n\n\n<p><strong>Spiel:<\/strong>\u00a0Ruth Humer und Gerti Tr\u00f6binger<br><strong>Figurenbau und Ausstattung:<\/strong>\u00a0Gerti Tr\u00f6binger<br><strong>Regie:<\/strong>\u00a0Annika Pilstl<br><strong>Musik:\u00a0<\/strong>Wolfgang Weissengruber (Supervision)<br><strong>Dauer:<\/strong>\u00a0ca. 45 Minuten<\/p>\n\n\n\n<p><strong>Fotos<\/strong>: \u00a9 Reinhard Winkler<br><strong>Produktion:<\/strong>\u00a0Verein Denk:Spiel und\u00a0Linzer Frauenb\u00fcro<br><strong>Kontaktaufnahme \u00fcber:<\/strong> <a href=\"https:\/\/www.denk-spiel.at\/\">www.denk-spiel.at<\/a><br><strong>Gef\u00f6rdert von:<\/strong> LinzKultur, Frauenb\u00fcro der Stadt Linz und O\u00d6 Kultur<br><strong>Premiere<\/strong>: 2018<\/p>\n<\/div>\n<\/div>\n\n\n\n<hr class=\"wp-block-separator\"\/>\n\n\n\n<figure class=\"wp-block-embed-youtube aligncenter wp-block-embed is-type-video is-provider-youtube wp-embed-aspect-16-9 wp-has-aspect-ratio\"><div class=\"wp-block-embed__wrapper\">\n<div class=\"nv-iframe-embed\"><iframe loading=\"lazy\" title=\"Figurentheater Josefine\" width=\"1200\" height=\"675\" src=\"https:\/\/www.youtube.com\/embed\/cgV4T_PvdtM?feature=oembed\" frameborder=\"0\" allow=\"accelerometer; autoplay; clipboard-write; encrypted-media; gyroscope; picture-in-picture\" allowfullscreen><\/iframe><\/div>\n<\/div><\/figure>\n\n\n\n<hr class=\"wp-block-separator\"\/>\n\n\n\n<div style=\"height:20px\" aria-hidden=\"true\" class=\"wp-block-spacer\"><\/div>\n\n\n\n<div class=\"wp-block-columns alignwide is-layout-flex wp-container-core-columns-is-layout-9d6595d7 wp-block-columns-is-layout-flex\">\n<div class=\"wp-block-column is-layout-flow wp-block-column-is-layout-flow\">\n<figure class=\"wp-block-image size-large\"><img loading=\"lazy\" decoding=\"async\" width=\"1024\" height=\"768\" src=\"http:\/\/www.theatermoment.at\/wordpress\/wp-content\/uploads\/2020\/11\/bild_800x600_6-1024x768.jpg\" alt=\"\" class=\"wp-image-161\" srcset=\"https:\/\/www.theatermoment.at\/wordpress\/wp-content\/uploads\/2020\/11\/bild_800x600_6-1024x768.jpg 1024w, https:\/\/www.theatermoment.at\/wordpress\/wp-content\/uploads\/2020\/11\/bild_800x600_6-300x225.jpg 300w, https:\/\/www.theatermoment.at\/wordpress\/wp-content\/uploads\/2020\/11\/bild_800x600_6-768x576.jpg 768w, https:\/\/www.theatermoment.at\/wordpress\/wp-content\/uploads\/2020\/11\/bild_800x600_6-960x720.jpg 960w, https:\/\/www.theatermoment.at\/wordpress\/wp-content\/uploads\/2020\/11\/bild_800x600_6.jpg 1067w\" sizes=\"auto, (max-width: 1024px) 100vw, 1024px\" \/><\/figure>\n\n\n\n<figure class=\"wp-block-image size-large\"><img loading=\"lazy\" decoding=\"async\" width=\"1024\" height=\"768\" src=\"http:\/\/www.theatermoment.at\/wordpress\/wp-content\/uploads\/2020\/11\/bild_800x600_9-1024x768.jpg\" alt=\"\" class=\"wp-image-164\" srcset=\"https:\/\/www.theatermoment.at\/wordpress\/wp-content\/uploads\/2020\/11\/bild_800x600_9-1024x768.jpg 1024w, https:\/\/www.theatermoment.at\/wordpress\/wp-content\/uploads\/2020\/11\/bild_800x600_9-300x225.jpg 300w, https:\/\/www.theatermoment.at\/wordpress\/wp-content\/uploads\/2020\/11\/bild_800x600_9-768x576.jpg 768w, https:\/\/www.theatermoment.at\/wordpress\/wp-content\/uploads\/2020\/11\/bild_800x600_9-960x720.jpg 960w, https:\/\/www.theatermoment.at\/wordpress\/wp-content\/uploads\/2020\/11\/bild_800x600_9.jpg 1067w\" sizes=\"auto, (max-width: 1024px) 100vw, 1024px\" \/><\/figure>\n<\/div>\n\n\n\n<div class=\"wp-block-column is-layout-flow wp-block-column-is-layout-flow\">\n<figure class=\"wp-block-image size-large\"><img loading=\"lazy\" decoding=\"async\" width=\"1024\" height=\"768\" src=\"http:\/\/www.theatermoment.at\/wordpress\/wp-content\/uploads\/2020\/11\/bild_800x600_7-1024x768.jpg\" alt=\"\" class=\"wp-image-162\" srcset=\"https:\/\/www.theatermoment.at\/wordpress\/wp-content\/uploads\/2020\/11\/bild_800x600_7-1024x768.jpg 1024w, https:\/\/www.theatermoment.at\/wordpress\/wp-content\/uploads\/2020\/11\/bild_800x600_7-300x225.jpg 300w, https:\/\/www.theatermoment.at\/wordpress\/wp-content\/uploads\/2020\/11\/bild_800x600_7-768x576.jpg 768w, https:\/\/www.theatermoment.at\/wordpress\/wp-content\/uploads\/2020\/11\/bild_800x600_7-960x720.jpg 960w, https:\/\/www.theatermoment.at\/wordpress\/wp-content\/uploads\/2020\/11\/bild_800x600_7.jpg 1067w\" sizes=\"auto, (max-width: 1024px) 100vw, 1024px\" \/><\/figure>\n<\/div>\n<\/div>\n\n\n\n<div class=\"wp-block-buttons is-layout-flex wp-block-buttons-is-layout-flex\">\n<div class=\"wp-block-button\"><a class=\"wp-block-button__link\" href=\"http:\/\/www.theatermoment.at\/wordpress\/stuecke\/\">alle st\u00fccke<\/a><\/div>\n<\/div>\n","protected":false},"excerpt":{"rendered":"<p>Inhalt Josefine macht was ihr gef\u00e4llt.Sie ist gro\u00df, stark, mutig, und pflegt Elefanten.Sie wei\u00df immer was ihre Riesen brauchen und tut was zu tun ist. Doch als sie sich eines&hellip;&nbsp;<a href=\"https:\/\/www.theatermoment.at\/wordpress\/josefine\/\" rel=\"bookmark\">Weiterlesen &raquo;<span class=\"screen-reader-text\">Josefine<\/span><\/a><\/p>\n","protected":false},"author":2,"featured_media":0,"parent":0,"menu_order":0,"comment_status":"closed","ping_status":"closed","template":"","meta":{"neve_meta_sidebar":"full-width","neve_meta_container":"","neve_meta_enable_content_width":"on","neve_meta_content_width":100,"neve_meta_title_alignment":"","neve_meta_author_avatar":"","neve_post_elements_order":"","neve_meta_disable_header":"","neve_meta_disable_footer":"","neve_meta_disable_title":"","footnotes":""},"class_list":["post-153","page","type-page","status-publish","hentry"],"_links":{"self":[{"href":"https:\/\/www.theatermoment.at\/wordpress\/wp-json\/wp\/v2\/pages\/153","targetHints":{"allow":["GET"]}}],"collection":[{"href":"https:\/\/www.theatermoment.at\/wordpress\/wp-json\/wp\/v2\/pages"}],"about":[{"href":"https:\/\/www.theatermoment.at\/wordpress\/wp-json\/wp\/v2\/types\/page"}],"author":[{"embeddable":true,"href":"https:\/\/www.theatermoment.at\/wordpress\/wp-json\/wp\/v2\/users\/2"}],"replies":[{"embeddable":true,"href":"https:\/\/www.theatermoment.at\/wordpress\/wp-json\/wp\/v2\/comments?post=153"}],"version-history":[{"count":54,"href":"https:\/\/www.theatermoment.at\/wordpress\/wp-json\/wp\/v2\/pages\/153\/revisions"}],"predecessor-version":[{"id":1107,"href":"https:\/\/www.theatermoment.at\/wordpress\/wp-json\/wp\/v2\/pages\/153\/revisions\/1107"}],"wp:attachment":[{"href":"https:\/\/www.theatermoment.at\/wordpress\/wp-json\/wp\/v2\/media?parent=153"}],"curies":[{"name":"wp","href":"https:\/\/api.w.org\/{rel}","templated":true}]}}