{"id":17,"date":"2018-01-14T13:53:59","date_gmt":"2018-01-14T12:53:59","guid":{"rendered":"http:\/\/www.theatermoment.at\/wordpress\/?page_id=17"},"modified":"2025-09-24T11:47:05","modified_gmt":"2025-09-24T09:47:05","slug":"stuecke","status":"publish","type":"page","link":"https:\/\/www.theatermoment.at\/wordpress\/","title":{"rendered":"St\u00fccke"},"content":{"rendered":"\n<div class=\"wp-block-columns is-layout-flex wp-container-core-columns-is-layout-9d6595d7 wp-block-columns-is-layout-flex\">\n<div class=\"wp-block-column is-layout-flow wp-block-column-is-layout-flow\">\n<figure class=\"wp-block-image size-large\"><img loading=\"lazy\" decoding=\"async\" width=\"1024\" height=\"768\" src=\"http:\/\/www.theatermoment.at\/wordpress\/wp-content\/uploads\/2025\/09\/bild_800x600_84-1024x768.jpg\" alt=\"\" class=\"wp-image-1652\" srcset=\"https:\/\/www.theatermoment.at\/wordpress\/wp-content\/uploads\/2025\/09\/bild_800x600_84-1024x768.jpg 1024w, https:\/\/www.theatermoment.at\/wordpress\/wp-content\/uploads\/2025\/09\/bild_800x600_84-300x225.jpg 300w, https:\/\/www.theatermoment.at\/wordpress\/wp-content\/uploads\/2025\/09\/bild_800x600_84-768x576.jpg 768w, https:\/\/www.theatermoment.at\/wordpress\/wp-content\/uploads\/2025\/09\/bild_800x600_84.jpg 1067w\" sizes=\"auto, (max-width: 1024px) 100vw, 1024px\" \/><\/figure>\n\n\n\n<h3 class=\"wp-block-heading\">Ich bin der St\u00e4rkste im ganzen Land<\/h3>\n\n\n\n<p>ab 4 Jahren<\/p>\n\n\n\n<p>\u201eIch bin laut! Ich bin wild! <br>Ich liebe nur mein Spiegelbild!\u201c<br><em>Ein clowneskes Figurentheaterst\u00fcck \u00fcber das Stark sein.<\/em><\/p>\n\n\n\n<div class=\"wp-block-buttons is-layout-flex wp-block-buttons-is-layout-flex\">\n<div class=\"wp-block-button\"><a class=\"wp-block-button__link wp-element-button\" href=\"https:\/\/www.theatermoment.at\/wordpress\/ich-bin-der-staerkste-im-ganzen-land\/\">mehr<\/a><\/div>\n<\/div>\n\n\n\n<hr class=\"wp-block-separator has-css-opacity is-style-default\"\/>\n<\/div>\n\n\n\n<div class=\"wp-block-column is-layout-flow wp-block-column-is-layout-flow\">\n<figure class=\"wp-block-image size-large\"><img loading=\"lazy\" decoding=\"async\" width=\"1024\" height=\"768\" src=\"http:\/\/www.theatermoment.at\/wordpress\/wp-content\/uploads\/2025\/09\/bild_800x600_82-1024x768.jpg\" alt=\"\" class=\"wp-image-1631\" srcset=\"https:\/\/www.theatermoment.at\/wordpress\/wp-content\/uploads\/2025\/09\/bild_800x600_82-1024x768.jpg 1024w, https:\/\/www.theatermoment.at\/wordpress\/wp-content\/uploads\/2025\/09\/bild_800x600_82-300x225.jpg 300w, https:\/\/www.theatermoment.at\/wordpress\/wp-content\/uploads\/2025\/09\/bild_800x600_82-768x576.jpg 768w, https:\/\/www.theatermoment.at\/wordpress\/wp-content\/uploads\/2025\/09\/bild_800x600_82.jpg 1067w\" sizes=\"auto, (max-width: 1024px) 100vw, 1024px\" \/><\/figure>\n\n\n\n<h3 class=\"wp-block-heading\">Jedermann<\/h3>\n\n\n\n<p>ab 14 Jahren<\/p>\n\n\n\n<p>Das Sterben des reichen Mannes als Handpuppenspektakel. In unserer Inszenierung wird der Spie\u00df umgedreht: Das Theater kommt zu den Menschen. Auch zu den nicht Reichen!<\/p>\n\n\n\n<div class=\"wp-block-buttons is-layout-flex wp-block-buttons-is-layout-flex\">\n<div class=\"wp-block-button\"><a class=\"wp-block-button__link wp-element-button\" href=\"http:\/\/www.theatermoment.at\/wordpress\/jedermann\/\">mehr<\/a><\/div>\n<\/div>\n\n\n\n<hr class=\"wp-block-separator has-css-opacity is-style-default\"\/>\n<\/div>\n\n\n\n<div class=\"wp-block-column is-layout-flow wp-block-column-is-layout-flow\">\n<figure class=\"wp-block-image size-large\"><img loading=\"lazy\" decoding=\"async\" width=\"1024\" height=\"768\" src=\"http:\/\/www.theatermoment.at\/wordpress\/wp-content\/uploads\/2025\/09\/bild_800x600_83-1024x768.jpg\" alt=\"\" class=\"wp-image-1630\" srcset=\"https:\/\/www.theatermoment.at\/wordpress\/wp-content\/uploads\/2025\/09\/bild_800x600_83-1024x768.jpg 1024w, https:\/\/www.theatermoment.at\/wordpress\/wp-content\/uploads\/2025\/09\/bild_800x600_83-300x225.jpg 300w, https:\/\/www.theatermoment.at\/wordpress\/wp-content\/uploads\/2025\/09\/bild_800x600_83-768x576.jpg 768w, https:\/\/www.theatermoment.at\/wordpress\/wp-content\/uploads\/2025\/09\/bild_800x600_83.jpg 1067w\" sizes=\"auto, (max-width: 1024px) 100vw, 1024px\" \/><\/figure>\n\n\n\n<h3 class=\"wp-block-heading\">Schneewittchen<\/h3>\n\n\n\n<p>ab 4 Jahren<\/p>\n\n\n\n<p>Ein M\u00e4rchenklassiker der Br\u00fcder Grimm, aber jetzt gibt\u00b4s Neuigkeiten von Schneewittchen!&nbsp;<\/p>\n\n\n\n<div class=\"wp-block-buttons is-layout-flex wp-block-buttons-is-layout-flex\">\n<div class=\"wp-block-button\"><a class=\"wp-block-button__link wp-element-button\" href=\"http:\/\/www.theatermoment.at\/wordpress\/schneewittchen\/\">mehr<\/a><\/div>\n<\/div>\n\n\n\n<hr class=\"wp-block-separator has-css-opacity is-style-default\"\/>\n<\/div>\n<\/div>\n\n\n\n<div class=\"wp-block-columns is-layout-flex wp-container-core-columns-is-layout-9d6595d7 wp-block-columns-is-layout-flex\">\n<div class=\"wp-block-column is-layout-flow wp-block-column-is-layout-flow\">\n<figure class=\"wp-block-image size-large\"><img loading=\"lazy\" decoding=\"async\" width=\"1024\" height=\"768\" src=\"http:\/\/www.theatermoment.at\/wordpress\/wp-content\/uploads\/2020\/11\/bild_800x600_2-1024x768.jpg\" alt=\"\" class=\"wp-image-115\" srcset=\"https:\/\/www.theatermoment.at\/wordpress\/wp-content\/uploads\/2020\/11\/bild_800x600_2-1024x768.jpg 1024w, https:\/\/www.theatermoment.at\/wordpress\/wp-content\/uploads\/2020\/11\/bild_800x600_2-300x225.jpg 300w, https:\/\/www.theatermoment.at\/wordpress\/wp-content\/uploads\/2020\/11\/bild_800x600_2-768x576.jpg 768w, https:\/\/www.theatermoment.at\/wordpress\/wp-content\/uploads\/2020\/11\/bild_800x600_2-960x720.jpg 960w, https:\/\/www.theatermoment.at\/wordpress\/wp-content\/uploads\/2020\/11\/bild_800x600_2.jpg 1067w\" sizes=\"auto, (max-width: 1024px) 100vw, 1024px\" \/><\/figure>\n\n\n\n<h3 class=\"wp-block-heading\">Zwei f\u00fcr mich, einer f\u00fcr dich<\/h3>\n\n\n\n<p>ab 3 Jahren<\/p>\n\n\n\n<p>Das ist nicht gerecht! Verzichten oder doch lieber nehmen was man kriegen kann, nach dem Grundsatz &#8222;Mehr ist mehr&#8220;?<\/p>\n\n\n\n<div class=\"wp-block-buttons is-layout-flex wp-block-buttons-is-layout-flex\">\n<div class=\"wp-block-button\"><a class=\"wp-block-button__link wp-element-button\" href=\"http:\/\/www.theatermoment.at\/wordpress\/zwei-fuer-mich-einer-fuer-dich\/\">mehr<\/a><\/div>\n<\/div>\n\n\n\n<hr class=\"wp-block-separator has-css-opacity is-style-default\"\/>\n<\/div>\n\n\n\n<div class=\"wp-block-column is-layout-flow wp-block-column-is-layout-flow\">\n<figure class=\"wp-block-image size-large\"><a href=\"http:\/\/www.theatermoment.at\/wordpress\/zack-prack-ein-drache-zum-verlieben\/\"><img loading=\"lazy\" decoding=\"async\" width=\"800\" height=\"600\" src=\"http:\/\/www.theatermoment.at\/wordpress\/wp-content\/uploads\/2020\/12\/bild_800x600_25.jpg\" alt=\"\" class=\"wp-image-541\" srcset=\"https:\/\/www.theatermoment.at\/wordpress\/wp-content\/uploads\/2020\/12\/bild_800x600_25.jpg 800w, https:\/\/www.theatermoment.at\/wordpress\/wp-content\/uploads\/2020\/12\/bild_800x600_25-300x225.jpg 300w, https:\/\/www.theatermoment.at\/wordpress\/wp-content\/uploads\/2020\/12\/bild_800x600_25-768x576.jpg 768w\" sizes=\"auto, (max-width: 800px) 100vw, 800px\" \/><\/a><\/figure>\n\n\n\n<h3 class=\"wp-block-heading\">Zack Prack! Ein Drache zum Verlieben<\/h3>\n\n\n\n<p>ab 4 Jahren&nbsp;<\/p>\n\n\n\n<p>Hochbetrieb im K\u00f6nigsschlo\u00df. Der k\u00f6nigliche Malermeisterbetrieb putzt den Hochzeitssaal heraus, denn laut Protokoll&nbsp;(festgelegter Tagesablauf im k\u00f6niglichen Schlo\u00df)&nbsp;soll die Prinzessin endlich heiraten!<\/p>\n\n\n\n<div class=\"wp-block-buttons is-layout-flex wp-block-buttons-is-layout-flex\">\n<div class=\"wp-block-button\"><a class=\"wp-block-button__link wp-element-button\" href=\"http:\/\/www.theatermoment.at\/wordpress\/zack-prack-ein-drache-zum-verlieben\/\">mehr<\/a><\/div>\n<\/div>\n\n\n\n<hr class=\"wp-block-separator has-css-opacity is-style-default\"\/>\n<\/div>\n\n\n\n<div class=\"wp-block-column is-layout-flow wp-block-column-is-layout-flow\">\n<figure class=\"wp-block-image size-large\"><a href=\"http:\/\/www.theatermoment.at\/wordpress\/der-froschkoenig\/\"><img loading=\"lazy\" decoding=\"async\" width=\"800\" height=\"600\" src=\"http:\/\/www.theatermoment.at\/wordpress\/wp-content\/uploads\/2020\/12\/bild_800x600_39.jpg\" alt=\"\" class=\"wp-image-598\" srcset=\"https:\/\/www.theatermoment.at\/wordpress\/wp-content\/uploads\/2020\/12\/bild_800x600_39.jpg 800w, https:\/\/www.theatermoment.at\/wordpress\/wp-content\/uploads\/2020\/12\/bild_800x600_39-300x225.jpg 300w, https:\/\/www.theatermoment.at\/wordpress\/wp-content\/uploads\/2020\/12\/bild_800x600_39-768x576.jpg 768w\" sizes=\"auto, (max-width: 800px) 100vw, 800px\" \/><\/a><\/figure>\n\n\n\n<h3 class=\"wp-block-heading\">Der Froschk\u00f6nig<\/h3>\n\n\n\n<p>ab 4 Jahren<\/p>\n\n\n\n<p>In den alten Zeiten wo das W\u00fcnschen noch geholfen hat, lebte einst ein K\u00f6nig dessen T\u00f6chter waren alle sch\u00f6n \u2013 aber die j\u00fcngste war sooo sch\u00f6n, &#8230;<\/p>\n\n\n\n<div class=\"wp-block-buttons is-layout-flex wp-block-buttons-is-layout-flex\">\n<div class=\"wp-block-button\"><a class=\"wp-block-button__link wp-element-button\" href=\"http:\/\/www.theatermoment.at\/wordpress\/der-froschkoenig\/\">mehr<\/a><\/div>\n<\/div>\n\n\n\n<hr class=\"wp-block-separator has-css-opacity is-style-default\"\/>\n<\/div>\n<\/div>\n\n\n\n<div class=\"wp-block-columns is-layout-flex wp-container-core-columns-is-layout-9d6595d7 wp-block-columns-is-layout-flex\">\n<div class=\"wp-block-column is-layout-flow wp-block-column-is-layout-flow\"><div class=\"wp-block-image\">\n<figure class=\"aligncenter size-large\"><a href=\"http:\/\/www.theatermoment.at\/wordpress\/rosa-traeumt-vom-fliegen\/\"><img loading=\"lazy\" decoding=\"async\" width=\"800\" height=\"600\" src=\"http:\/\/www.theatermoment.at\/wordpress\/wp-content\/uploads\/2020\/12\/bild_800x600_43.jpg\" alt=\"\" class=\"wp-image-645\" srcset=\"https:\/\/www.theatermoment.at\/wordpress\/wp-content\/uploads\/2020\/12\/bild_800x600_43.jpg 800w, https:\/\/www.theatermoment.at\/wordpress\/wp-content\/uploads\/2020\/12\/bild_800x600_43-300x225.jpg 300w, https:\/\/www.theatermoment.at\/wordpress\/wp-content\/uploads\/2020\/12\/bild_800x600_43-768x576.jpg 768w\" sizes=\"auto, (max-width: 800px) 100vw, 800px\" \/><\/a><\/figure>\n<\/div>\n\n\n<h3 class=\"wp-block-heading\">Rosa tr\u00e4umt vom Fliegen<\/h3>\n\n\n\n<p>ab 3 Jahren<\/p>\n\n\n\n<p>Rosa Schwein, Berta Kuh und Friedi Huhn genie\u00dfen ihr Leben auf dem Bauernhof von Lois. Urlaubsgr\u00fc\u00dfe der Nachbarin wecken die Reiselust. Ob die Tr\u00e4ume in Erf\u00fcllung gehen? \u2013 Wer wei\u00df???<\/p>\n\n\n\n<div class=\"wp-block-buttons is-layout-flex wp-block-buttons-is-layout-flex\">\n<div class=\"wp-block-button\"><a class=\"wp-block-button__link wp-element-button\" href=\"http:\/\/www.theatermoment.at\/wordpress\/rosa-traeumt-vom-fliegen\/\">mehr<\/a><\/div>\n<\/div>\n\n\n\n<hr class=\"wp-block-separator has-css-opacity\"\/>\n<\/div>\n\n\n\n<div class=\"wp-block-column is-layout-flow wp-block-column-is-layout-flow\">\n<figure class=\"wp-block-image size-large\"><a href=\"http:\/\/www.theatermoment.at\/wordpress\/die-weihnachtsgeschichte\/\"><img loading=\"lazy\" decoding=\"async\" width=\"800\" height=\"600\" src=\"http:\/\/www.theatermoment.at\/wordpress\/wp-content\/uploads\/2020\/12\/bild_800x600_36.jpg\" alt=\"\" class=\"wp-image-566\" srcset=\"https:\/\/www.theatermoment.at\/wordpress\/wp-content\/uploads\/2020\/12\/bild_800x600_36.jpg 800w, https:\/\/www.theatermoment.at\/wordpress\/wp-content\/uploads\/2020\/12\/bild_800x600_36-300x225.jpg 300w, https:\/\/www.theatermoment.at\/wordpress\/wp-content\/uploads\/2020\/12\/bild_800x600_36-768x576.jpg 768w\" sizes=\"auto, (max-width: 800px) 100vw, 800px\" \/><\/a><\/figure>\n\n\n\n<h3 class=\"wp-block-heading\">Die Weihnachtsgeschichte<\/h3>\n\n\n\n<p>ab 5 Jahren<\/p>\n\n\n\n<p>Die Weihnachtsgeschichte, gespielt in einer Zusammenstellung der Texte aus den Evangelien nach Matth\u00e4us und Lukas, in einer Mischung aus Erz\u00e4hlung und Puppenspiel.<\/p>\n\n\n\n<div class=\"wp-block-buttons is-layout-flex wp-block-buttons-is-layout-flex\">\n<div class=\"wp-block-button is-style-fill\"><a class=\"wp-block-button__link wp-element-button\" href=\"http:\/\/www.theatermoment.at\/wordpress\/die-weihnachtsgeschichte\/\">mehr<\/a><\/div>\n<\/div>\n\n\n\n<hr class=\"wp-block-separator has-css-opacity\"\/>\n<\/div>\n\n\n\n<div class=\"wp-block-column is-layout-flow wp-block-column-is-layout-flow\">\n<figure class=\"wp-block-image size-large\"><a href=\"http:\/\/www.theatermoment.at\/wordpress\/kasperl-und-die-prinzessin-oder-ausschnitt-einer-ehe\/\"><img loading=\"lazy\" decoding=\"async\" width=\"800\" height=\"600\" src=\"http:\/\/www.theatermoment.at\/wordpress\/wp-content\/uploads\/2020\/12\/bild_800x600_20.jpg\" alt=\"\" class=\"wp-image-449\" srcset=\"https:\/\/www.theatermoment.at\/wordpress\/wp-content\/uploads\/2020\/12\/bild_800x600_20.jpg 800w, https:\/\/www.theatermoment.at\/wordpress\/wp-content\/uploads\/2020\/12\/bild_800x600_20-300x225.jpg 300w, https:\/\/www.theatermoment.at\/wordpress\/wp-content\/uploads\/2020\/12\/bild_800x600_20-768x576.jpg 768w\" sizes=\"auto, (max-width: 800px) 100vw, 800px\" \/><\/a><\/figure>\n\n\n\n<h3 class=\"wp-block-heading\">Kasperl und die Prinzessin oder Ausschnitt einer Ehe<\/h3>\n\n\n\n<p>ab 14 Jahren (Kurzst\u00fcck)<\/p>\n\n\n\n<p>Wer, wenn nicht er, kann als die Speerspitze der Weltverbesserer bezeichnet werden! Der Kasperl!!!<\/p>\n\n\n\n<div class=\"wp-block-buttons is-layout-flex wp-block-buttons-is-layout-flex\">\n<div class=\"wp-block-button\"><a class=\"wp-block-button__link wp-element-button\" href=\"http:\/\/www.theatermoment.at\/wordpress\/kasperl-und-die-prinzessin-oder-ausschnitt-einer-ehe\/\">mehr<\/a><\/div>\n<\/div>\n\n\n\n<hr class=\"wp-block-separator has-css-opacity\"\/>\n<\/div>\n<\/div>\n\n\n\n<div class=\"wp-block-columns is-layout-flex wp-container-core-columns-is-layout-9d6595d7 wp-block-columns-is-layout-flex\">\n<div class=\"wp-block-column is-layout-flow wp-block-column-is-layout-flow\">\n<figure class=\"wp-block-image size-large\"><a href=\"http:\/\/www.theatermoment.at\/wordpress\/vorsicht-glueck\/\"><img loading=\"lazy\" decoding=\"async\" width=\"800\" height=\"600\" src=\"http:\/\/www.theatermoment.at\/wordpress\/wp-content\/uploads\/2020\/12\/bild_800x600_24.jpg\" alt=\"\" class=\"wp-image-521\" srcset=\"https:\/\/www.theatermoment.at\/wordpress\/wp-content\/uploads\/2020\/12\/bild_800x600_24.jpg 800w, https:\/\/www.theatermoment.at\/wordpress\/wp-content\/uploads\/2020\/12\/bild_800x600_24-300x225.jpg 300w, https:\/\/www.theatermoment.at\/wordpress\/wp-content\/uploads\/2020\/12\/bild_800x600_24-768x576.jpg 768w\" sizes=\"auto, (max-width: 800px) 100vw, 800px\" \/><\/a><\/figure>\n\n\n\n<h3 class=\"wp-block-heading\">Vorsicht Gl\u00fcck!<\/h3>\n\n\n\n<p>ab dem Tanzschulabschluss&nbsp;(Kurzst\u00fcck)<\/p>\n\n\n\n<p>Jeder ist seines Gl\u00fcckes Schmied! Das Gl\u00fcck ist ein Vogerl!&nbsp;Clowneskes Objekttheater mit Gl\u00fccksbringern ohne Sprache.<\/p>\n\n\n\n<div class=\"wp-block-buttons is-layout-flex wp-block-buttons-is-layout-flex\">\n<div class=\"wp-block-button\"><a class=\"wp-block-button__link wp-element-button\" href=\"http:\/\/www.theatermoment.at\/wordpress\/vorsicht-glueck\/\">mehr<\/a><\/div>\n<\/div>\n\n\n\n<hr class=\"wp-block-separator has-css-opacity is-style-default\"\/>\n<\/div>\n\n\n\n<div class=\"wp-block-column is-layout-flow wp-block-column-is-layout-flow\">\n<figure class=\"wp-block-image size-large\"><a href=\"http:\/\/www.theatermoment.at\/wordpress\/der-gestiefelte-kater\/\"><img loading=\"lazy\" decoding=\"async\" width=\"800\" height=\"600\" src=\"http:\/\/www.theatermoment.at\/wordpress\/wp-content\/uploads\/2020\/12\/bild_800x600_41.jpg\" alt=\"\" class=\"wp-image-630\" srcset=\"https:\/\/www.theatermoment.at\/wordpress\/wp-content\/uploads\/2020\/12\/bild_800x600_41.jpg 800w, https:\/\/www.theatermoment.at\/wordpress\/wp-content\/uploads\/2020\/12\/bild_800x600_41-300x225.jpg 300w, https:\/\/www.theatermoment.at\/wordpress\/wp-content\/uploads\/2020\/12\/bild_800x600_41-768x576.jpg 768w\" sizes=\"auto, (max-width: 800px) 100vw, 800px\" \/><\/a><\/figure>\n\n\n\n<h3 class=\"wp-block-heading\">Der gestiefelte Kater<\/h3>\n\n\n\n<p>ab 5 Jahren<\/p>\n\n\n\n<p>&#8230; oder ein paar Tricks muss man einfach draufhaben. Zwei windige Gestalten namens \u201eTipps und Tricks\u201c ziehen durch die Lande. Sie sind sozusagen Wanderprediger des trickreichen Lebens. Wann und wo sie erscheinen, ist ungewiss. Sie sind \u2013 einfach mal da.<\/p>\n\n\n\n<div class=\"wp-block-buttons is-layout-flex wp-block-buttons-is-layout-flex\">\n<div class=\"wp-block-button\"><a class=\"wp-block-button__link wp-element-button\" href=\"http:\/\/www.theatermoment.at\/wordpress\/der-gestiefelte-kater\/\">mehr<\/a><\/div>\n<\/div>\n\n\n\n<hr class=\"wp-block-separator has-css-opacity is-style-default\"\/>\n<\/div>\n\n\n\n<div class=\"wp-block-column is-layout-flow wp-block-column-is-layout-flow\">\n<figure class=\"wp-block-image size-large\"><a href=\"http:\/\/www.theatermoment.at\/wordpress\/josefine\/\"><img loading=\"lazy\" decoding=\"async\" width=\"1024\" height=\"768\" src=\"http:\/\/www.theatermoment.at\/wordpress\/wp-content\/uploads\/2020\/11\/bild_800x600_10-1024x768.jpg\" alt=\"\" class=\"wp-image-165\" srcset=\"https:\/\/www.theatermoment.at\/wordpress\/wp-content\/uploads\/2020\/11\/bild_800x600_10-1024x768.jpg 1024w, https:\/\/www.theatermoment.at\/wordpress\/wp-content\/uploads\/2020\/11\/bild_800x600_10-300x225.jpg 300w, https:\/\/www.theatermoment.at\/wordpress\/wp-content\/uploads\/2020\/11\/bild_800x600_10-768x576.jpg 768w, https:\/\/www.theatermoment.at\/wordpress\/wp-content\/uploads\/2020\/11\/bild_800x600_10-960x720.jpg 960w, https:\/\/www.theatermoment.at\/wordpress\/wp-content\/uploads\/2020\/11\/bild_800x600_10.jpg 1067w\" sizes=\"auto, (max-width: 1024px) 100vw, 1024px\" \/><\/a><\/figure>\n\n\n\n<h3 class=\"wp-block-heading\">Josefine<\/h3>\n\n\n\n<p>ab 3 Jahren&nbsp;<\/p>\n\n\n\n<p>Die Geschichte \u00fcber ein Sich-klein-Machen, das nicht wirklich in Zentimetern nachzumessen ist.<\/p>\n\n\n\n<div class=\"wp-block-buttons is-layout-flex wp-block-buttons-is-layout-flex\">\n<div class=\"wp-block-button\"><a class=\"wp-block-button__link wp-element-button\" href=\"http:\/\/www.theatermoment.at\/wordpress\/josefine\/\">mehr<\/a><\/div>\n<\/div>\n\n\n\n<hr class=\"wp-block-separator has-css-opacity is-style-default\"\/>\n<\/div>\n<\/div>\n\n\n\n<div class=\"wp-block-columns is-layout-flex wp-container-core-columns-is-layout-9d6595d7 wp-block-columns-is-layout-flex\">\n<div class=\"wp-block-column is-layout-flow wp-block-column-is-layout-flow\">\n<figure class=\"wp-block-image size-large\"><a href=\"http:\/\/www.theatermoment.at\/wordpress\/das-rumpelstilzchen\/\"><img loading=\"lazy\" decoding=\"async\" width=\"800\" height=\"600\" src=\"http:\/\/www.theatermoment.at\/wordpress\/wp-content\/uploads\/2020\/12\/bild_800x600_37.jpg\" alt=\"\" class=\"wp-image-591\" srcset=\"https:\/\/www.theatermoment.at\/wordpress\/wp-content\/uploads\/2020\/12\/bild_800x600_37.jpg 800w, https:\/\/www.theatermoment.at\/wordpress\/wp-content\/uploads\/2020\/12\/bild_800x600_37-300x225.jpg 300w, https:\/\/www.theatermoment.at\/wordpress\/wp-content\/uploads\/2020\/12\/bild_800x600_37-768x576.jpg 768w\" sizes=\"auto, (max-width: 800px) 100vw, 800px\" \/><\/a><\/figure>\n\n\n\n<h3 class=\"wp-block-heading\">Das Rumpelstilzchen<\/h3>\n\n\n\n<p>ab 5 Jahren&nbsp;<\/p>\n\n\n\n<p>Stroh, l\u00e4cherlich und nichts wert. Und nun soll Stroh zu Gold gesponnen werden? Da braucht es wohl eine besondere Kraft. Eine M\u00fcllerstochter kann das gewi\u00df nicht alleine schaffen. Rumpelstilzchen kann das &#8230;<\/p>\n\n\n\n<div class=\"wp-block-buttons is-layout-flex wp-block-buttons-is-layout-flex\">\n<div class=\"wp-block-button\"><a class=\"wp-block-button__link wp-element-button\" href=\"http:\/\/www.theatermoment.at\/wordpress\/das-rumpelstilzchen\/\">mehr<\/a><\/div>\n<\/div>\n\n\n\n<hr class=\"wp-block-separator has-css-opacity is-style-default\"\/>\n<\/div>\n\n\n\n<div class=\"wp-block-column is-layout-flow wp-block-column-is-layout-flow\"><\/div>\n\n\n\n<div class=\"wp-block-column is-layout-flow wp-block-column-is-layout-flow\"><\/div>\n<\/div>\n\n\n\n<p><\/p>\n","protected":false},"excerpt":{"rendered":"<p>Ich bin der St\u00e4rkste im ganzen Land ab 4 Jahren \u201eIch bin laut! Ich bin wild! Ich liebe nur mein Spiegelbild!\u201cEin clowneskes Figurentheaterst\u00fcck \u00fcber das Stark sein. Jedermann ab 14&hellip;&nbsp;<a href=\"https:\/\/www.theatermoment.at\/wordpress\/\" rel=\"bookmark\">Weiterlesen &raquo;<span class=\"screen-reader-text\">St\u00fccke<\/span><\/a><\/p>\n","protected":false},"author":1,"featured_media":0,"parent":0,"menu_order":0,"comment_status":"closed","ping_status":"closed","template":"","meta":{"neve_meta_sidebar":"full-width","neve_meta_container":"","neve_meta_enable_content_width":"on","neve_meta_content_width":100,"neve_meta_title_alignment":"","neve_meta_author_avatar":"","neve_post_elements_order":"","neve_meta_disable_header":"","neve_meta_disable_footer":"","neve_meta_disable_title":"","footnotes":""},"class_list":["post-17","page","type-page","status-publish","hentry"],"_links":{"self":[{"href":"https:\/\/www.theatermoment.at\/wordpress\/wp-json\/wp\/v2\/pages\/17","targetHints":{"allow":["GET"]}}],"collection":[{"href":"https:\/\/www.theatermoment.at\/wordpress\/wp-json\/wp\/v2\/pages"}],"about":[{"href":"https:\/\/www.theatermoment.at\/wordpress\/wp-json\/wp\/v2\/types\/page"}],"author":[{"embeddable":true,"href":"https:\/\/www.theatermoment.at\/wordpress\/wp-json\/wp\/v2\/users\/1"}],"replies":[{"embeddable":true,"href":"https:\/\/www.theatermoment.at\/wordpress\/wp-json\/wp\/v2\/comments?post=17"}],"version-history":[{"count":184,"href":"https:\/\/www.theatermoment.at\/wordpress\/wp-json\/wp\/v2\/pages\/17\/revisions"}],"predecessor-version":[{"id":1659,"href":"https:\/\/www.theatermoment.at\/wordpress\/wp-json\/wp\/v2\/pages\/17\/revisions\/1659"}],"wp:attachment":[{"href":"https:\/\/www.theatermoment.at\/wordpress\/wp-json\/wp\/v2\/media?parent=17"}],"curies":[{"name":"wp","href":"https:\/\/api.w.org\/{rel}","templated":true}]}}