{"id":594,"date":"2020-12-15T13:31:20","date_gmt":"2020-12-15T12:31:20","guid":{"rendered":"http:\/\/www.theatermoment.at\/wordpress\/?page_id=594"},"modified":"2021-01-18T18:27:44","modified_gmt":"2021-01-18T17:27:44","slug":"der-froschkoenig","status":"publish","type":"page","link":"https:\/\/www.theatermoment.at\/wordpress\/der-froschkoenig\/","title":{"rendered":"Der Froschk\u00f6nig"},"content":{"rendered":"\n<figure class=\"wp-block-image alignwide size-large\"><img loading=\"lazy\" decoding=\"async\" width=\"1024\" height=\"555\" src=\"http:\/\/www.theatermoment.at\/wordpress\/wp-content\/uploads\/2020\/12\/bilder_2400x1300_25-1024x555.jpg\" alt=\"\" class=\"wp-image-603\" srcset=\"https:\/\/www.theatermoment.at\/wordpress\/wp-content\/uploads\/2020\/12\/bilder_2400x1300_25-1024x555.jpg 1024w, https:\/\/www.theatermoment.at\/wordpress\/wp-content\/uploads\/2020\/12\/bilder_2400x1300_25-300x163.jpg 300w, https:\/\/www.theatermoment.at\/wordpress\/wp-content\/uploads\/2020\/12\/bilder_2400x1300_25-768x416.jpg 768w, https:\/\/www.theatermoment.at\/wordpress\/wp-content\/uploads\/2020\/12\/bilder_2400x1300_25-1536x832.jpg 1536w, https:\/\/www.theatermoment.at\/wordpress\/wp-content\/uploads\/2020\/12\/bilder_2400x1300_25-2048x1109.jpg 2048w\" sizes=\"auto, (max-width: 1024px) 100vw, 1024px\" \/><\/figure>\n\n\n\n<div class=\"wp-block-columns is-layout-flex wp-container-core-columns-is-layout-9d6595d7 wp-block-columns-is-layout-flex\">\n<div class=\"wp-block-column is-layout-flow wp-block-column-is-layout-flow\" style=\"flex-basis:66.66%\">\n<h2 class=\"wp-block-heading\">Inhalt<\/h2>\n\n\n\n<p>In den alten Zeiten wo das W\u00fcnschen noch geholfen hat, lebte einst ein K\u00f6nig dessen T\u00f6chter waren alle sch\u00f6n \u2013 aber die j\u00fcngste war sooo sch\u00f6n, \u2026<\/p>\n\n\n\n<p>Ein M\u00e4rchenklassiker neu interpretiert! Ein Erz\u00e4hl- und Puppentheater f\u00fcr Fr\u00f6sche, Prinzessinnen und M\u00e4rchenfreunde.<\/p>\n\n\n\n<hr class=\"wp-block-separator is-style-wide\"\/>\n\n\n\n<div class=\"wp-block-buttons is-layout-flex wp-block-buttons-is-layout-flex\">\n<div class=\"wp-block-button\"><a class=\"wp-block-button__link\" href=\"http:\/\/www.theatermoment.at\/wordpress\/spielplan\/\">Spielplan<\/a><\/div>\n\n\n\n<div class=\"wp-block-button is-style-secondary\"><a class=\"wp-block-button__link\" href=\"http:\/\/www.theatermoment.at\/wordpress\/stuecke\/\">alle St\u00fccke<\/a><\/div>\n<\/div>\n\n\n\n<hr class=\"wp-block-separator is-style-wide\"\/>\n\n\n\n<p><\/p>\n<\/div>\n\n\n\n<div class=\"wp-block-column is-layout-flow wp-block-column-is-layout-flow\" style=\"flex-basis:33.33%\">\n<h2 class=\"wp-block-heading\">Info<\/h2>\n\n\n\n<p><strong>Alter:<\/strong>\u00a0ab 4 Jahren<br><strong>Buch:<\/strong> nach dem M\u00e4rchen der Gebr\u00fcder Grimm<\/p>\n\n\n\n<p><strong>Spiel:<\/strong>\u00a0Ruth Humer\u00a0<br><strong>Regie:<\/strong>\u00a0Christoph Bochdansky<br><strong>Figurenbau und Ausstattung:<\/strong>\u00a0Gerti Tr\u00f6binger<br><strong>Dauer:<\/strong>\u00a045 Minuten<\/p>\n\n\n\n<div class=\"su-spoiler su-spoiler-style-default su-spoiler-icon-plus su-spoiler-closed\" data-scroll-offset=\"0\" data-anchor-in-url=\"no\"><div class=\"su-spoiler-title\" tabindex=\"0\" role=\"button\"><span class=\"su-spoiler-icon\"><\/span>F\u00fcr Veranstalter<\/div><div class=\"su-spoiler-content su-u-clearfix su-u-trim\"><br><strong>B\u00fchnengr\u00f6\u00dfe:<\/strong> 3 x 4 m<br><strong>Max. Zuschauer:<\/strong> 100 Personen<br><strong>Technik:<\/strong> 4 Scheinwerfer f\u00fcr Grundlicht<br><strong>Aufbauzeit:<\/strong> 1 Stunde<br><strong>Abbauzeit:<\/strong> 1 Stunde<br><\/div><\/div>\n\n\n\n<p><\/p>\n<\/div>\n<\/div>\n","protected":false},"excerpt":{"rendered":"<p>Inhalt In den alten Zeiten wo das W\u00fcnschen noch geholfen hat, lebte einst ein K\u00f6nig dessen T\u00f6chter waren alle sch\u00f6n \u2013 aber die j\u00fcngste war sooo sch\u00f6n, \u2026 Ein M\u00e4rchenklassiker&hellip;&nbsp;<a href=\"https:\/\/www.theatermoment.at\/wordpress\/der-froschkoenig\/\" rel=\"bookmark\">Weiterlesen &raquo;<span class=\"screen-reader-text\">Der Froschk\u00f6nig<\/span><\/a><\/p>\n","protected":false},"author":2,"featured_media":0,"parent":0,"menu_order":0,"comment_status":"closed","ping_status":"closed","template":"","meta":{"neve_meta_sidebar":"full-width","neve_meta_container":"","neve_meta_enable_content_width":"on","neve_meta_content_width":100,"neve_meta_title_alignment":"","neve_meta_author_avatar":"","neve_post_elements_order":"","neve_meta_disable_header":"","neve_meta_disable_footer":"","neve_meta_disable_title":"","footnotes":""},"class_list":["post-594","page","type-page","status-publish","hentry"],"_links":{"self":[{"href":"https:\/\/www.theatermoment.at\/wordpress\/wp-json\/wp\/v2\/pages\/594","targetHints":{"allow":["GET"]}}],"collection":[{"href":"https:\/\/www.theatermoment.at\/wordpress\/wp-json\/wp\/v2\/pages"}],"about":[{"href":"https:\/\/www.theatermoment.at\/wordpress\/wp-json\/wp\/v2\/types\/page"}],"author":[{"embeddable":true,"href":"https:\/\/www.theatermoment.at\/wordpress\/wp-json\/wp\/v2\/users\/2"}],"replies":[{"embeddable":true,"href":"https:\/\/www.theatermoment.at\/wordpress\/wp-json\/wp\/v2\/comments?post=594"}],"version-history":[{"count":21,"href":"https:\/\/www.theatermoment.at\/wordpress\/wp-json\/wp\/v2\/pages\/594\/revisions"}],"predecessor-version":[{"id":1087,"href":"https:\/\/www.theatermoment.at\/wordpress\/wp-json\/wp\/v2\/pages\/594\/revisions\/1087"}],"wp:attachment":[{"href":"https:\/\/www.theatermoment.at\/wordpress\/wp-json\/wp\/v2\/media?parent=594"}],"curies":[{"name":"wp","href":"https:\/\/api.w.org\/{rel}","templated":true}]}}